{"id":802,"date":"2019-01-04T16:30:02","date_gmt":"2019-01-04T21:30:02","guid":{"rendered":"https:\/\/www.happyhygienist.com\/services\/"},"modified":"2019-04-11T18:57:27","modified_gmt":"2019-04-11T23:57:27","slug":"services","status":"publish","type":"page","link":"https:\/\/www.happyhygienist.com\/fr\/services\/","title":{"rendered":"Services"},"content":{"rendered":"\n<h2 class=\"wp-block-heading\">Nettoyage<\/h2>\n\n\n\n<ul class=\"wp-block-list\"><li><a href=\"#new\">Rendez-vous de nettoyage &#8211; Nouveau patient <\/a><\/li><li><a href=\"#recare\">Rendez-vous de nettoyage &#8211; Patient existant<\/a><\/li><\/ul>\n\n\n\n<h2 class=\"wp-block-heading\">Traitements sp\u00e9ciaux<\/h2>\n\n\n\n<ul class=\"wp-block-list\"><li><a href=\"#badbreath\">Traitement mauvaise haleine<\/a><\/li><li><a href=\"#white\">Blanchissement dentaire<\/a><\/li><li><a href=\"#sensitive\">Les dents sensibles<\/a><\/li><li><a href=\"#denture\">Prot\u00e8ge-dents<\/a><\/li><li><a href=\"#sealants\">Pit et fissure sealants<\/a><\/li><li><a href=\"#mouthguards\">Prot\u00e8ge-dents<\/a><\/li><li><a href=\"#Oral\">Oral Bacteria <\/a><a href=\"#oral\">Analysis<\/a><\/li><li><a href=\"#ph\">Test salivaire PH<\/a><\/li><\/ul>\n\n\n\n<div class=\"wp-block-button\"><a class=\"wp-block-button__link has-background\" href=\"https:\/\/www.happyhygienist.com\/2019\/contact\/\" style=\"background-color:#a17ac4\">Book an appointment !<\/a><\/div>\n\n\n\n<hr class=\"wp-block-separator\"\/>\n\n\n\n<h4 class=\"wp-block-heading\" id=\"new\">Rendez-vous de nettoyage &#8211; Nouveau patient <\/h4>\n\n\n\n<p>Chaque nouveau patient recevra un examen extra-oral de la t\u00eate et le cou pour identifier les l\u00e9sions suspectes ou excroissances et un examen intra-orale afin d&#8217;identifier les domaines d&#8217;int\u00e9r\u00eat \u00e0 long terme imm\u00e9diat ou en ce qui concerne la gomme et la sant\u00e9 des os.&nbsp;Cela comprendra un examen complet des gencives et des niveaux osseux en mesurant les profondeurs de poche autour de vos dents.<\/p>\n\n\n\n<p>Gr\u00e2ce \u00e0 l&#8217;explication verbale et d\u00e9monstration visuelle, vous apprendrez \u00e0 reconna\u00eetre la mauvaise sant\u00e9 dans la bouche et d&#8217;adopter des techniques et des habitudes quotidiennes pour aider \u00e0 retrouver et maintenir une bouche saine.<\/p>\n\n\n\n<p>Nous allons parler de la nutrition et de la sant\u00e9 bucco-dentaire et la fa\u00e7on dont ils sont les principaux contributeurs dans l&#8217;ensemble de votre sant\u00e9.&nbsp;L&#8217;\u00e9tat de votre cavit\u00e9 buccale affecte aussi votre digestion, ayant un impact direct sur votre \u00e9tat nutritionnel.&nbsp;conseils nutritionnels dentaire est une intervention pour pr\u00e9venir la maladie en \u00e9valuant vos habitudes alimentaires et vous informer sur la relation entre l&#8217;alimentation et la sant\u00e9 bucco-dentaire.<\/p>\n\n\n\n<p>Nettoyage ou mise \u00e0 l&#8217;\u00e9chelle des dents implique la suppression de la plaque et de tartre situ\u00e9e au-dessus et au-dessous de la ligne de gomme.&nbsp;Cela aidera dans le traitement de la gomme et les conditions osseuses, (gingivite et la maladie parodontale), qui contribuera \u00e0 soutenir l&#8217;\u00e9tat de votre bouche ainsi que votre \u00e9tat de sant\u00e9 g\u00e9n\u00e9ral.&nbsp;La quantit\u00e9 de temps et les co\u00fbts requis pour effectuer un nettoyage dentaire, d\u00e9pendra de l&#8217;\u00e9tat de vos gencives et la quantit\u00e9 de tartre que vous avez.<\/p>\n\n\n\n<p>Un polissage dentaire suit normalement un d\u00e9tartrage dentaire et constitue une proc\u00e9dure optionnelle. Il peut \u00e9galement \u00eatre effectu\u00e9 entre des nettoyages r\u00e9guliers pour des occasions sp\u00e9ciaux. Cela rendra votre sourire \u00e9clatant et stimulera la circulation sanguine de vos gencives en les massant.\u00a0Polissage des dents supprime \u00e9galement les taches caus\u00e9e par la consommation de caf\u00e9, th\u00e9, colas, vin et tabagisme et est excellent pour \u00e9liminer les biofilms orale.<\/p>\n\n\n\n<hr class=\"wp-block-separator\"\/>\n\n\n\n<h4 class=\"wp-block-heading\" id=\"recare\">Rendez-vous de nettoyage &#8211; Patient existant<br><\/h4>\n\n\n\n<p>Si vous avez r\u00e9serv\u00e9 ou faites une r\u00e9servation pour un rendez-vous re-soins, cela signifie que nous avons d\u00e9j\u00e0 rencontr\u00e9 \u00e0 un premier rendez-vous 3, 6, 9 ou 12 mois avant.<\/p>\n\n\n\n<p>Semblable \u00e0 un premier rendez-vous, vous recevrez un examen extra-oral de la t\u00eate et le cou pour identifier les l\u00e9sions suspectes ou excroissances et un examen intra-orale afin d&#8217;identifier les domaines d&#8217;int\u00e9r\u00eat \u00e0 long terme imm\u00e9diat ou en ce qui concerne la gomme et la sant\u00e9 des os.<\/p>\n\n\n\n<p>Le protocole lors d&#8217;un rendez-vous re-soins est non seulement d&#8217;avoir vos dents nettoy\u00e9es mais de r\u00e9\u00e9valuer les sujets de pr\u00e9occupation qui ont pu \u00eatre d\u00e9tect\u00e9s au moment de votre rendez-vous.<\/p>\n\n\n\n<p>Je continuerai \u00e0 vous montrer comment reconna\u00eetre la mauvaise sant\u00e9 dans la bouche et le soutien que vous la mise en \u0153uvre des techniques d&#8217;hygi\u00e8ne buccale que vous aider \u00e0 obtenir et \u00e0 maintenir vos objectifs de sant\u00e9 bucco-dentaire.<\/p>\n\n\n\n<p>L&#8217;apport alimentaire est un facteur important dans la sant\u00e9 des gencives et des dents, en particulier pour les enfants dont les dents sont jeunes et encore en d\u00e9veloppement, donc vous pouvez vous attendre continue la discussion se rapportant \u00e0 la relation entre l&#8217;alimentation, la sant\u00e9 bucco-dentaire et la sant\u00e9 g\u00e9n\u00e9rale<\/p>\n\n\n\n<hr class=\"wp-block-separator\"\/>\n\n\n\n<h2 class=\"wp-block-heading\">Traitements sp\u00e9ciaux<\/h2>\n\n\n\n<h4 class=\"wp-block-heading\" id=\"badbreath\">Traitement mauvaise haleine<\/h4>\n\n\n\n<p>La mauvaise haleine peut \u00eatre v\u00e9cue comme une condition \u00e0 court terme en raison des odeurs de nourriture ou l&#8217;haleine du matin.&nbsp;Il peut \u00e9galement exister pour une p\u00e9riode plus longue comme une maladie chronique due \u00e0 parodontale, (gomme et os), des probl\u00e8mes, des pierres d&#8217;amygdale ou des probl\u00e8mes digestifs.&nbsp;hygi\u00e8ne bucco-dentaire et de l&#8217;\u00e9ducation digestive peut aider \u00e0 \u00e9liminer la mauvaise haleine lorsque le probl\u00e8me est doux et peut \u00eatre g\u00e9r\u00e9 par une approche holistique, en utilisant des produits naturels pour aider \u00e0 combattre les bact\u00e9ries qui contribuent \u00e0 la mauvaise haleine et la maladie parodontale.<\/p>\n\n\n\n<p>Lorsque la condition est chronique et les&nbsp;odeurs sont tr\u00e8s forts, cela peut avoir un impact majeur dans notre vie personnelle et professionnelle donc parfois une approche plus&nbsp;forte est n\u00e9cessaire et cela se fait par l&#8217;utilisation de rin\u00e7ages antibiotiques topiques.&nbsp;<a href=\"http:\/\/www.oravital.com\/\" target=\"_blank\" rel=\"noreferrer noopener\">Oravital<\/a><\/p>\n\n\n\n<p>Si vous vous sentez ou reconna\u00eetre que vous avez mauvaise haleine et \/ ou peut-\u00eatre la maladie des gencives \/ os ou ont \u00e9t\u00e9 correctement diagnostiqu\u00e9e par votre dentiste, alors s&#8217;il vous pla\u00eet contacter Alison pour discuter des programmes d&#8217;haleine fra\u00eeche qui peut \u00eatre la solution id\u00e9ale pour vous aider \u00e0 g\u00e9rer votre condition.<\/p>\n\n\n\n<p><em>Je suis d&#8217;aider les gens halitose bataille depuis 12 ans maintenant et face \u00e0 un probl\u00e8me de respiration est une question tr\u00e8s personnelle qui peut \u00eatre tr\u00e8s \u00e9motif.&nbsp;Il est une exp\u00e9rience tr\u00e8s enrichissante pour regarder les clients l\u00e2ch\u00e8rent leur pr\u00e9-occupation avec leur souffle et retrouver leur confiance dans leurs relations personnelles et professionnelles. Les r\u00e9sultats ont \u00e9t\u00e9 merveilleux<\/em><\/p>\n\n\n\n<hr class=\"wp-block-separator\"\/>\n\n\n\n<h4 class=\"wp-block-heading\" id=\"white\">Blanchissement dentaire<br><\/h4>\n\n\n\n<p>l existe en effet des rem\u00e8des naturels et des conseils disponibles en ligne, qui peuvent potentiellement blanchir vos dents et n\u00e9cessiteraient un peu de patience.<\/p>\n\n\n\n<p><\/p>\n\n\n\n<p>Le blanchiment des dents est une proc\u00e9dure s\u00e9lective et peut ne pas convenir \u00e0 tout le monde car il peut provoquer une sensibilit\u00e9 dentaire. Nous utilisons un traitement de blanchiment \u00e0 emporter qui comprend un dentifrice afin de minimiser la sensibilit\u00e9. Cette proc\u00e9dure de blanchiment n\u00e9cessite g\u00e9n\u00e9ralement 3 \u00e0 30 minutes par jour, pendant environ 10 jours, pour obtenir des dents plus blanches pouvant atteindre 1 \u00e0 6 teintes plus claires. <\/p>\n\n\n\n<p>Les r\u00e9sultats seront toujours varier d&#8217;une personne \u00e0 l&#8217;autre.<\/p>\n\n\n\n<p>Nous offrons \u00e9galement un dans le blanchiment de bureau appel\u00e9.&nbsp;Un gel de blanchiment 40% de peroxyde d&#8217;hydrog\u00e8ne qui est chimiquement activ\u00e9 par m\u00e9lange de seringue \u00e0 seringue facile, donc il n&#8217;y a pas de lumi\u00e8re ou laser requise.&nbsp;Il contient PF (nitrate de potassium et le fluorure) qui a \u00e9t\u00e9 prouv\u00e9 pour diminuer la sensibilit\u00e9, r\u00e9duire la sensibilit\u00e9 des caries, et d&#8217;am\u00e9liorer la microduret\u00e9 de l&#8217;\u00e9mail.<\/p>\n\n\n\n<hr class=\"wp-block-separator\"\/>\n\n\n\n<h4 class=\"wp-block-heading\" id=\"sensitive\">Les dents sensibles<br><\/h4>\n\n\n\n<p>La sensibilit\u00e9 des dents peut \u00eatre due \u00e0 la r\u00e9cession gingivale provoqu\u00e9e par le brossage trop dur ou meulage ou ayant la salive qui est trop acide.&nbsp;Le p\u00e9trole est-tirant une approche naturelle de d\u00e9sensibilisation les dents et a r\u00e9ussi pour beaucoup.<\/p>\n\n\n\n<p>La sensibilit\u00e9 peut \u00e9galement \u00eatre trait\u00e9e en utilisant un dentifrice pour dents sensibles ou en appliquant un agent d\u00e9sensibilisant, ici dans le bureau.&nbsp;agents de d\u00e9sensibilisation seront enduire les zones expos\u00e9es, ce qui rend vos dents moins sensibles \u00e0 chaud et \/ ou froid.<\/p>\n\n\n\n<hr class=\"wp-block-separator\"\/>\n\n\n\n<h4 class=\"wp-block-heading\" id=\"denture\">Nettoyage des proth\u00e8ses dentaires<\/h4>\n\n\n\n<p>Une bouche sans dents encore accumuler des bact\u00e9ries il est donc important de garder les proth\u00e8ses dentaires propre pour \u00e9viter les plaies, la mauvaise haleine et les gencives irrit\u00e9es de se produire.&nbsp;Pour nettoyer votre proth\u00e8se, nous placer dans une solution de vinaigre, dans le nettoyeur \u00e0 ultrasons, qui adoucit les bact\u00e9ries, le rendant facile \u00e0 enlever les d\u00e9bris de la proth\u00e8se.<\/p>\n\n\n\n<p>Rappelez-vous de retirer votre proth\u00e8se pour la nuit cela donnera les gencives et le palais une chance de respirer.&nbsp;Il est \u00e9galement important de masser vos gencives pour stimuler la circulation sanguine et de garder les tissus mous en bonne sant\u00e9.<\/p>\n\n\n\n<hr class=\"wp-block-separator\"\/>\n\n\n\n<h4 class=\"wp-block-heading\" id=\"sealants\">Pit et Fissure Sealants<\/h4>\n\n\n\n<p>Beaucoup d&#8217;entre nous, les adultes et les enfants, ont des rainures profondes et des fosses sur les surfaces de mastication de nos molaires qui peut rendre le brossage difficile \u00e0 r\u00e9aliser.<\/p>\n\n\n\n<p>Dans notre bureau, par application d&#8217;agents d&#8217;\u00e9tanch\u00e9it\u00e9 non toxiques, (un liquide fluide laiteux analogues), les rainures et les creux se remplissent et deviennent moins profondes.<\/p>\n\n\n\n<p>Cela rend le brossage de la mastication des surfaces plus faciles \u00e0 entretenir et aide \u00e0 pr\u00e9venir les caries de se produire.<\/p>\n\n\n\n<hr class=\"wp-block-separator\"\/>\n\n\n\n<h4 class=\"wp-block-heading\" id=\"mouthguards\">Prot\u00e8ge-dents<br><\/h4>\n\n\n\n<p>Un seul coup \u00e0 la bouche ou de la m\u00e2choire peut causer des dommages dentaires graves qui est tr\u00e8s douloureux et co\u00fbteux \u00e0 traiter.&nbsp;Vous pouvez r\u00e9duire le risque de ce type de blessure en utilisant un prot\u00e8ge-dents lorsque vous prenez part \u00e0 des activit\u00e9s sportives et autres activit\u00e9s r\u00e9cr\u00e9atives.<\/p>\n\n\n\n<p>Un prot\u00e8ge-dents athl\u00e9tique fait sur mesure aura un ajustement plus favorable qu&#8217;un magasin a achet\u00e9 la marque g\u00e9n\u00e9rique et veillera \u00e0 ce que vous ou les dents de votre enfant sont bien prot\u00e9g\u00e9s.<\/p>\n\n\n\n<h4 class=\"wp-block-heading\" id=\"oral\"><mark>OraVital Microbial Analysis: Here\u2019s How It Works:<\/mark><\/h4>\n\n\n\n<p>BiofilmDNA\u2122&nbsp;is a whole-mouth sampling technique that collects specimens under and above the gum, saliva, tongue and throat. It uses the most advanced qPCR technology to identify the exact species and number of bacteria in the sample. Targeted antibiotic rinses are prescribed based on the bacteria found and their proven ability to kill those specific pathogens.<\/p>\n\n\n\n<p>BiofilmGS\u2122&nbsp;(Gram stain) is another test whereby the dental professional will swab your gums, tongue and throat to capture samples of biofilm (the community of bacteria that live in the mouth) and place them on separate sections of a glass microscope slide.<\/p>\n\n\n\n<p>The slide is sent to the OraVital microbiology lab to be examined for the types and number of bacteria as well as yeast, parasites and white blood cells, which can indicate the presence of oral infections.<\/p>\n\n\n\n<p>After viewing the samples, the OraVital lab\u2019s trained microbiologists send a detailed report to your&nbsp;dental\/dental hygiene or doctor\u2019s office. The report includes information about the types and concentration of microorganisms. The dental professional or Doctor, uses this report to select the most effective antibiotic rinse to restore the balance of healthy microorganisms in your mouth.<\/p>\n\n\n\n<hr class=\"wp-block-separator\"\/>\n\n\n\n<h4 class=\"wp-block-heading\" id=\"ph\">Test salivaire PH<br><\/h4>\n\n\n\n<p>Un simple test de pH de votre salive peut vous donner un aper\u00e7u sur l&#8217;\u00e9quilibre global du pH de votre corps.&nbsp;Ce test peut aider \u00e0 \u00e9valuer votre sensibilit\u00e9 \u00e0 la carie dentaire et les maladies parodontales.<\/p>\n\n\n\n<p>Les maladies d\u00e9g\u00e9n\u00e9ratives comme le cancer, les maladies cardiaques, l&#8217;arthrite, l&#8217;ost\u00e9oporose, les reins et les calculs biliaires sont \u00e9galement li\u00e9s \u00e0 l&#8217;exc\u00e8s d&#8217;acidit\u00e9 dans le corps.&nbsp;Plus votre pH (plus basique ou alcaline), les cellules de vos plus riches en oxyg\u00e8ne sont et la maladie est moins susceptible de se d\u00e9velopper en pr\u00e9sence d&#8217;oxyg\u00e8ne et d&#8217;alcalinit\u00e9.<\/p>\n\n\n\n<p>Ce simple test salivaire vous donne une lecture pr\u00e9cise de vos niveaux de pH dans les deux minutes.<\/p>\n\n\n\n<div class=\"wp-block-button\"><a class=\"wp-block-button__link has-background\" href=\"https:\/\/www.happyhygienist.com\/fr\/contactez-nous\/\" style=\"background-color:#a17ac4\">Prenez rendez-vous !<\/a><\/div>\n","protected":false},"excerpt":{"rendered":"<p>Nettoyage Rendez-vous de nettoyage &#8211; Nouveau patient Rendez-vous de nettoyage &#8211; Patient existant Traitements sp\u00e9ciaux Traitement mauvaise haleine Blanchissement dentaire Les dents sensibles Prot\u00e8ge-dents Pit et fissure sealants Prot\u00e8ge-dents Oral Bacteria Analysis Test salivaire PH Rendez-vous de nettoyage &#8211; Nouveau patient Chaque nouveau patient recevra un examen extra-oral de la t\u00eate et le cou pour &hellip; <a href=\"https:\/\/www.happyhygienist.com\/fr\/services\/\" class=\"more-link\">Continue reading <span class=\"screen-reader-text\">Services<\/span><\/a><\/p>\n","protected":false},"author":2,"featured_media":803,"parent":0,"menu_order":0,"comment_status":"closed","ping_status":"closed","template":"page-templates\/grid-page.php","meta":{"footnotes":""},"class_list":["post-802","page","type-page","status-publish","has-post-thumbnail","hentry","with-featured-image"],"yoast_head":"<!-- This site is optimized with the Yoast SEO Premium plugin v16.1 (Yoast SEO v27.4) - https:\/\/yoast.com\/product\/yoast-seo-premium-wordpress\/ -->\n<title>Services - HappyHygienist.com<\/title>\n<meta name=\"description\" content=\"Nettoyage Rendez-vous de nettoyage - Nouveau patient Rendez-vous de nettoyage - Patient existant Traitements sp\u00e9ciaux Traitement mauvaise\" \/>\n<meta name=\"robots\" content=\"index, follow, max-snippet:-1, max-image-preview:large, max-video-preview:-1\" \/>\n<link rel=\"canonical\" href=\"https:\/\/www.happyhygienist.com\/fr\/services\/\" \/>\n<meta property=\"og:locale\" content=\"fr_FR\" \/>\n<meta property=\"og:type\" content=\"article\" \/>\n<meta property=\"og:title\" content=\"Services - HappyHygienist.com\" \/>\n<meta property=\"og:description\" content=\"Nettoyage Rendez-vous de nettoyage - Nouveau patient Rendez-vous de nettoyage - Patient existant Traitements sp\u00e9ciaux Traitement mauvaise\" \/>\n<meta property=\"og:url\" content=\"https:\/\/www.happyhygienist.com\/fr\/services\/\" \/>\n<meta property=\"og:site_name\" content=\"HappyHygienist.com\" \/>\n<meta property=\"article:publisher\" content=\"https:\/\/www.facebook.com\/dentalhygienewellness\/\" \/>\n<meta property=\"article:modified_time\" content=\"2019-04-11T23:57:27+00:00\" \/>\n<meta property=\"og:image\" content=\"https:\/\/www.happyhygienist.com\/2019\/wp-content\/uploads\/2019\/01\/photo-by-kal-loftus.jpg\" \/>\n\t<meta property=\"og:image:width\" content=\"1600\" \/>\n\t<meta property=\"og:image:height\" content=\"800\" \/>\n\t<meta property=\"og:image:type\" content=\"image\/jpeg\" \/>\n<meta name=\"twitter:card\" content=\"summary_large_image\" \/>\n<meta name=\"twitter:label1\" content=\"Est. reading time\" \/>\n\t<meta name=\"twitter:data1\" content=\"9 minutes\" \/>\n<script type=\"application\/ld+json\" class=\"yoast-schema-graph\">{\"@context\":\"https:\\\/\\\/schema.org\",\"@graph\":[{\"@type\":\"WebPage\",\"@id\":\"https:\\\/\\\/www.happyhygienist.com\\\/fr\\\/services\\\/\",\"url\":\"https:\\\/\\\/www.happyhygienist.com\\\/fr\\\/services\\\/\",\"name\":\"Services - HappyHygienist.com\",\"isPartOf\":{\"@id\":\"https:\\\/\\\/www.happyhygienist.com\\\/#website\"},\"primaryImageOfPage\":{\"@id\":\"https:\\\/\\\/www.happyhygienist.com\\\/fr\\\/services\\\/#primaryimage\"},\"image\":{\"@id\":\"https:\\\/\\\/www.happyhygienist.com\\\/fr\\\/services\\\/#primaryimage\"},\"thumbnailUrl\":\"https:\\\/\\\/www.happyhygienist.com\\\/2019\\\/wp-content\\\/uploads\\\/2019\\\/01\\\/photo-by-kal-loftus.jpg\",\"datePublished\":\"2019-01-04T21:30:02+00:00\",\"dateModified\":\"2019-04-11T23:57:27+00:00\",\"description\":\"Nettoyage Rendez-vous de nettoyage - Nouveau patient Rendez-vous de nettoyage - Patient existant Traitements sp\u00e9ciaux Traitement mauvaise\",\"breadcrumb\":{\"@id\":\"https:\\\/\\\/www.happyhygienist.com\\\/fr\\\/services\\\/#breadcrumb\"},\"inLanguage\":\"fr-QC\",\"potentialAction\":[{\"@type\":\"ReadAction\",\"target\":[\"https:\\\/\\\/www.happyhygienist.com\\\/fr\\\/services\\\/\"]}]},{\"@type\":\"ImageObject\",\"inLanguage\":\"fr-QC\",\"@id\":\"https:\\\/\\\/www.happyhygienist.com\\\/fr\\\/services\\\/#primaryimage\",\"url\":\"https:\\\/\\\/www.happyhygienist.com\\\/2019\\\/wp-content\\\/uploads\\\/2019\\\/01\\\/photo-by-kal-loftus.jpg\",\"contentUrl\":\"https:\\\/\\\/www.happyhygienist.com\\\/2019\\\/wp-content\\\/uploads\\\/2019\\\/01\\\/photo-by-kal-loftus.jpg\",\"width\":1600,\"height\":800},{\"@type\":\"BreadcrumbList\",\"@id\":\"https:\\\/\\\/www.happyhygienist.com\\\/fr\\\/services\\\/#breadcrumb\",\"itemListElement\":[{\"@type\":\"ListItem\",\"position\":1,\"name\":\"Home\",\"item\":\"https:\\\/\\\/www.happyhygienist.com\\\/fr\\\/\"},{\"@type\":\"ListItem\",\"position\":2,\"name\":\"Services\"}]},{\"@type\":\"WebSite\",\"@id\":\"https:\\\/\\\/www.happyhygienist.com\\\/#website\",\"url\":\"https:\\\/\\\/www.happyhygienist.com\\\/\",\"name\":\"HappyHygienist.com\",\"description\":\"Centre de sant\u00e9 et d&#039;hygi\u00e8ne dentaire - Ontario Est\",\"publisher\":{\"@id\":\"https:\\\/\\\/www.happyhygienist.com\\\/#organization\"},\"potentialAction\":[{\"@type\":\"SearchAction\",\"target\":{\"@type\":\"EntryPoint\",\"urlTemplate\":\"https:\\\/\\\/www.happyhygienist.com\\\/?s={search_term_string}\"},\"query-input\":{\"@type\":\"PropertyValueSpecification\",\"valueRequired\":true,\"valueName\":\"search_term_string\"}}],\"inLanguage\":\"fr-QC\"},{\"@type\":\"Organization\",\"@id\":\"https:\\\/\\\/www.happyhygienist.com\\\/#organization\",\"name\":\"DENTAL HYGIENE WELLNESS CENTRE\",\"url\":\"https:\\\/\\\/www.happyhygienist.com\\\/\",\"logo\":{\"@type\":\"ImageObject\",\"inLanguage\":\"fr-QC\",\"@id\":\"https:\\\/\\\/www.happyhygienist.com\\\/#\\\/schema\\\/logo\\\/image\\\/\",\"url\":\"https:\\\/\\\/www.happyhygienist.com\\\/2019\\\/wp-content\\\/uploads\\\/2019\\\/01\\\/lotustooth_violet500.png\",\"contentUrl\":\"https:\\\/\\\/www.happyhygienist.com\\\/2019\\\/wp-content\\\/uploads\\\/2019\\\/01\\\/lotustooth_violet500.png\",\"width\":500,\"height\":500,\"caption\":\"DENTAL HYGIENE WELLNESS CENTRE\"},\"image\":{\"@id\":\"https:\\\/\\\/www.happyhygienist.com\\\/#\\\/schema\\\/logo\\\/image\\\/\"},\"sameAs\":[\"https:\\\/\\\/www.facebook.com\\\/dentalhygienewellness\\\/\",\"https:\\\/\\\/www.instagram.com\\\/chelseagirllittlesquirrel\",\"https:\\\/\\\/www.linkedin.com\\\/in\\\/alison-logee-rdh-80a54114\\\/\",\"https:\\\/\\\/www.pinterest.com\\\/alisonl0865\"]}]}<\/script>\n<!-- \/ Yoast SEO Premium plugin. -->","yoast_head_json":{"title":"Services - HappyHygienist.com","description":"Nettoyage Rendez-vous de nettoyage - Nouveau patient Rendez-vous de nettoyage - Patient existant Traitements sp\u00e9ciaux Traitement mauvaise","robots":{"index":"index","follow":"follow","max-snippet":"max-snippet:-1","max-image-preview":"max-image-preview:large","max-video-preview":"max-video-preview:-1"},"canonical":"https:\/\/www.happyhygienist.com\/fr\/services\/","og_locale":"fr_FR","og_type":"article","og_title":"Services - HappyHygienist.com","og_description":"Nettoyage Rendez-vous de nettoyage - Nouveau patient Rendez-vous de nettoyage - Patient existant Traitements sp\u00e9ciaux Traitement mauvaise","og_url":"https:\/\/www.happyhygienist.com\/fr\/services\/","og_site_name":"HappyHygienist.com","article_publisher":"https:\/\/www.facebook.com\/dentalhygienewellness\/","article_modified_time":"2019-04-11T23:57:27+00:00","og_image":[{"width":1600,"height":800,"url":"https:\/\/www.happyhygienist.com\/2019\/wp-content\/uploads\/2019\/01\/photo-by-kal-loftus.jpg","type":"image\/jpeg"}],"twitter_card":"summary_large_image","twitter_misc":{"Est. reading time":"9 minutes"},"schema":{"@context":"https:\/\/schema.org","@graph":[{"@type":"WebPage","@id":"https:\/\/www.happyhygienist.com\/fr\/services\/","url":"https:\/\/www.happyhygienist.com\/fr\/services\/","name":"Services - HappyHygienist.com","isPartOf":{"@id":"https:\/\/www.happyhygienist.com\/#website"},"primaryImageOfPage":{"@id":"https:\/\/www.happyhygienist.com\/fr\/services\/#primaryimage"},"image":{"@id":"https:\/\/www.happyhygienist.com\/fr\/services\/#primaryimage"},"thumbnailUrl":"https:\/\/www.happyhygienist.com\/2019\/wp-content\/uploads\/2019\/01\/photo-by-kal-loftus.jpg","datePublished":"2019-01-04T21:30:02+00:00","dateModified":"2019-04-11T23:57:27+00:00","description":"Nettoyage Rendez-vous de nettoyage - Nouveau patient Rendez-vous de nettoyage - Patient existant Traitements sp\u00e9ciaux Traitement mauvaise","breadcrumb":{"@id":"https:\/\/www.happyhygienist.com\/fr\/services\/#breadcrumb"},"inLanguage":"fr-QC","potentialAction":[{"@type":"ReadAction","target":["https:\/\/www.happyhygienist.com\/fr\/services\/"]}]},{"@type":"ImageObject","inLanguage":"fr-QC","@id":"https:\/\/www.happyhygienist.com\/fr\/services\/#primaryimage","url":"https:\/\/www.happyhygienist.com\/2019\/wp-content\/uploads\/2019\/01\/photo-by-kal-loftus.jpg","contentUrl":"https:\/\/www.happyhygienist.com\/2019\/wp-content\/uploads\/2019\/01\/photo-by-kal-loftus.jpg","width":1600,"height":800},{"@type":"BreadcrumbList","@id":"https:\/\/www.happyhygienist.com\/fr\/services\/#breadcrumb","itemListElement":[{"@type":"ListItem","position":1,"name":"Home","item":"https:\/\/www.happyhygienist.com\/fr\/"},{"@type":"ListItem","position":2,"name":"Services"}]},{"@type":"WebSite","@id":"https:\/\/www.happyhygienist.com\/#website","url":"https:\/\/www.happyhygienist.com\/","name":"HappyHygienist.com","description":"Centre de sant\u00e9 et d&#039;hygi\u00e8ne dentaire - Ontario Est","publisher":{"@id":"https:\/\/www.happyhygienist.com\/#organization"},"potentialAction":[{"@type":"SearchAction","target":{"@type":"EntryPoint","urlTemplate":"https:\/\/www.happyhygienist.com\/?s={search_term_string}"},"query-input":{"@type":"PropertyValueSpecification","valueRequired":true,"valueName":"search_term_string"}}],"inLanguage":"fr-QC"},{"@type":"Organization","@id":"https:\/\/www.happyhygienist.com\/#organization","name":"DENTAL HYGIENE WELLNESS CENTRE","url":"https:\/\/www.happyhygienist.com\/","logo":{"@type":"ImageObject","inLanguage":"fr-QC","@id":"https:\/\/www.happyhygienist.com\/#\/schema\/logo\/image\/","url":"https:\/\/www.happyhygienist.com\/2019\/wp-content\/uploads\/2019\/01\/lotustooth_violet500.png","contentUrl":"https:\/\/www.happyhygienist.com\/2019\/wp-content\/uploads\/2019\/01\/lotustooth_violet500.png","width":500,"height":500,"caption":"DENTAL HYGIENE WELLNESS CENTRE"},"image":{"@id":"https:\/\/www.happyhygienist.com\/#\/schema\/logo\/image\/"},"sameAs":["https:\/\/www.facebook.com\/dentalhygienewellness\/","https:\/\/www.instagram.com\/chelseagirllittlesquirrel","https:\/\/www.linkedin.com\/in\/alison-logee-rdh-80a54114\/","https:\/\/www.pinterest.com\/alisonl0865"]}]}},"jetpack_sharing_enabled":true,"jetpack_shortlink":"https:\/\/wp.me\/PaAu7j-cW","jetpack_likes_enabled":true,"jetpack-related-posts":[],"_links":{"self":[{"href":"https:\/\/www.happyhygienist.com\/fr\/wp-json\/wp\/v2\/pages\/802","targetHints":{"allow":["GET"]}}],"collection":[{"href":"https:\/\/www.happyhygienist.com\/fr\/wp-json\/wp\/v2\/pages"}],"about":[{"href":"https:\/\/www.happyhygienist.com\/fr\/wp-json\/wp\/v2\/types\/page"}],"author":[{"embeddable":true,"href":"https:\/\/www.happyhygienist.com\/fr\/wp-json\/wp\/v2\/users\/2"}],"replies":[{"embeddable":true,"href":"https:\/\/www.happyhygienist.com\/fr\/wp-json\/wp\/v2\/comments?post=802"}],"version-history":[{"count":1,"href":"https:\/\/www.happyhygienist.com\/fr\/wp-json\/wp\/v2\/pages\/802\/revisions"}],"predecessor-version":[{"id":1107,"href":"https:\/\/www.happyhygienist.com\/fr\/wp-json\/wp\/v2\/pages\/802\/revisions\/1107"}],"wp:featuredmedia":[{"embeddable":true,"href":"https:\/\/www.happyhygienist.com\/fr\/wp-json\/wp\/v2\/media\/803"}],"wp:attachment":[{"href":"https:\/\/www.happyhygienist.com\/fr\/wp-json\/wp\/v2\/media?parent=802"}],"curies":[{"name":"wp","href":"https:\/\/api.w.org\/{rel}","templated":true}]}}